{"id":29,"date":"2026-01-28T10:42:09","date_gmt":"2026-01-28T10:42:09","guid":{"rendered":"https:\/\/lacirera.com\/contact\/"},"modified":"2026-02-10T06:48:11","modified_gmt":"2026-02-10T06:48:11","slug":"contacto","status":"publish","type":"page","link":"https:\/\/lacirera.com\/en\/contacto\/","title":{"rendered":"Contact"},"content":{"rendered":"<h3>Frequently asked questions<\/h3>\n<p>Lorem Ipsum has been the industry&#8217;s standard dummy text ever since the 1500s.<\/p>\n\n\n\n\n<p>The price for the full house is <strong>240 euros<\/strong> per night, with a minimum stay of <strong>2 nights<\/strong>.<\/p>\n\n\n\n\n\n\n<p>For faster service and availability inquiries, you can call us or send a WhatsApp message to our mobile: +<strong>34666361750<\/strong>.<\/p>\n\n\n\n\n\n\n<p>The landlady will welcome the guests; you can contact her directly via mobile phone: <strong>+34666361750<\/strong>.<\/p>\n\n\n\n\n\n\n\n\nPuedes contactarnos a trav\u00e9s de cualquiera de los siguientes medios. Estaremos encantados de atenderte.\n\n\n\n\n\nPara informaci\u00f3n sobre disponibilidad, reservas o respuestas m\u00e1s r\u00e1pidas, escr\u00edbenos por WhatsApp y te atenderemos al instante.\n\n\n\n\n\n<p>Lorem Ipsum has been the industry&#8217;s standard dummy text ever since the 1500s.<\/p>\n\n\n<h3>Contact form<\/h3>\n<p>Lorem Ipsum has been the industry&#8217;s standard dummy text ever since the 1500s.<\/p>\n\n\n\n\n\n\n\n\n\n\nCarrer Major 47, Benilloba","protected":false},"excerpt":{"rendered":"","protected":false},"author":1,"featured_media":0,"parent":0,"menu_order":0,"comment_status":"closed","ping_status":"closed","template":"","meta":{"pagelayer_contact_templates":{"abe4963":{"from_email":"$email","cont_subject":"contact-form","cont_header":"$name,$email,$subject,$message","cont_use_html":"true"}},"_pagelayer_content":"","footnotes":""},"class_list":["post-29","page","type-page","status-publish","hentry"],"_links":{"self":[{"href":"https:\/\/lacirera.com\/en\/wp-json\/wp\/v2\/pages\/29","targetHints":{"allow":["GET"]}}],"collection":[{"href":"https:\/\/lacirera.com\/en\/wp-json\/wp\/v2\/pages"}],"about":[{"href":"https:\/\/lacirera.com\/en\/wp-json\/wp\/v2\/types\/page"}],"author":[{"embeddable":true,"href":"https:\/\/lacirera.com\/en\/wp-json\/wp\/v2\/users\/1"}],"replies":[{"embeddable":true,"href":"https:\/\/lacirera.com\/en\/wp-json\/wp\/v2\/comments?post=29"}],"version-history":[{"count":18,"href":"https:\/\/lacirera.com\/en\/wp-json\/wp\/v2\/pages\/29\/revisions"}],"predecessor-version":[{"id":371,"href":"https:\/\/lacirera.com\/en\/wp-json\/wp\/v2\/pages\/29\/revisions\/371"}],"wp:attachment":[{"href":"https:\/\/lacirera.com\/en\/wp-json\/wp\/v2\/media?parent=29"}],"curies":[{"name":"wp","href":"https:\/\/api.w.org\/{rel}","templated":true}]}}